{"id":398,"date":"2025-04-10T12:59:26","date_gmt":"2025-04-10T12:59:26","guid":{"rendered":"https:\/\/www.le-sherpa.com\/chambres\/chambre-triple\/"},"modified":"2025-04-10T12:59:26","modified_gmt":"2025-04-10T12:59:26","slug":"chambre-triple","status":"publish","type":"page","link":"https:\/\/www.le-sherpa.com\/nl\/chambres\/chambre-triple\/","title":{"rendered":"Chambre Triple"},"content":{"rendered":"<p style=\"text-align: center;\">Adapt\u00e9es pour <strong>3 personnes<\/strong>, ces chambres avec <strong>trois lits simples<\/strong> offrent tout le confort n\u00e9cessaire pour un s\u00e9jour agr\u00e9able.<\/p>\n<p style=\"text-align: center;\">Si vous souhaitez que nous pr\u00e9parions <strong>deux lits simples en un lit double<\/strong>, merci de bien vouloir nous en informer lors de la r\u00e9servation<\/p>\n","protected":false},"excerpt":{"rendered":"<p>Adapt\u00e9es pour 3 personnes, ces chambres avec trois lits simples offrent tout le confort n\u00e9cessaire pour un s\u00e9jour agr\u00e9able. Si vous souhaitez que nous pr\u00e9parions deux lits simples en un lit double, merci de bien vouloir nous en informer lors de la r\u00e9servation<\/p>\n","protected":false},"author":208,"featured_media":0,"parent":394,"menu_order":2,"comment_status":"closed","ping_status":"closed","template":"template-single-room.php","meta":{"footnotes":""},"yoast_head":"<!-- This site is optimized with the Yoast SEO plugin v22.3 - https:\/\/yoast.com\/wordpress\/plugins\/seo\/ -->\n<title>Chambre Triple - Le Sherpa Les Deux Alpes<\/title>\n<meta name=\"robots\" content=\"index, follow, max-snippet:-1, max-image-preview:large, max-video-preview:-1\" \/>\n<link rel=\"canonical\" href=\"https:\/\/www.le-sherpa.com\/nl\/chambres\/chambre-triple\/\" \/>\n<meta property=\"og:locale\" content=\"nl_NL\" \/>\n<meta property=\"og:type\" content=\"article\" \/>\n<meta property=\"og:title\" content=\"Chambre Triple - Le Sherpa Les Deux Alpes\" \/>\n<meta property=\"og:description\" content=\"Adapt\u00e9es pour 3 personnes, ces chambres avec trois lits simples offrent tout le confort n\u00e9cessaire pour un s\u00e9jour agr\u00e9able. Si vous souhaitez que nous pr\u00e9parions deux lits simples en un lit double, merci de bien vouloir nous en informer lors de la r\u00e9servation\" \/>\n<meta property=\"og:url\" content=\"https:\/\/www.le-sherpa.com\/nl\/chambres\/chambre-triple\/\" \/>\n<meta property=\"og:site_name\" content=\"Le Sherpa Les Deux Alpes\" \/>\n<meta property=\"article:publisher\" content=\"https:\/\/facebook.com\/Hotel.Le.Sherpa\" \/>\n<meta name=\"twitter:card\" content=\"summary_large_image\" \/>\n<script type=\"application\/ld+json\" class=\"yoast-schema-graph\">{\"@context\":\"https:\/\/schema.org\",\"@graph\":[{\"@type\":\"WebPage\",\"@id\":\"https:\/\/www.le-sherpa.com\/nl\/chambres\/chambre-triple\/\",\"url\":\"https:\/\/www.le-sherpa.com\/nl\/chambres\/chambre-triple\/\",\"name\":\"Chambre Triple - Le Sherpa Les Deux Alpes\",\"isPartOf\":{\"@id\":\"https:\/\/www.le-sherpa.com\/nl\/#website\"},\"datePublished\":\"2025-04-10T12:59:26+00:00\",\"dateModified\":\"2025-04-10T12:59:26+00:00\",\"breadcrumb\":{\"@id\":\"https:\/\/www.le-sherpa.com\/nl\/chambres\/chambre-triple\/#breadcrumb\"},\"inLanguage\":\"nl-NL\",\"potentialAction\":[{\"@type\":\"ReadAction\",\"target\":[\"https:\/\/www.le-sherpa.com\/nl\/chambres\/chambre-triple\/\"]}]},{\"@type\":\"BreadcrumbList\",\"@id\":\"https:\/\/www.le-sherpa.com\/nl\/chambres\/chambre-triple\/#breadcrumb\",\"itemListElement\":[{\"@type\":\"ListItem\",\"position\":1,\"name\":\"Home\",\"item\":\"https:\/\/www.le-sherpa.com\/nl\/\"},{\"@type\":\"ListItem\",\"position\":2,\"name\":\"Kamers\",\"item\":\"https:\/\/www.le-sherpa.com\/nl\/chambres\/\"},{\"@type\":\"ListItem\",\"position\":3,\"name\":\"Chambre Triple\"}]},{\"@type\":\"WebSite\",\"@id\":\"https:\/\/www.le-sherpa.com\/nl\/#website\",\"url\":\"https:\/\/www.le-sherpa.com\/nl\/\",\"name\":\"Le Sherpa Les Deux Alpes\",\"description\":\"\",\"publisher\":{\"@id\":\"https:\/\/www.le-sherpa.com\/nl\/#organization\"},\"potentialAction\":[{\"@type\":\"SearchAction\",\"target\":{\"@type\":\"EntryPoint\",\"urlTemplate\":\"https:\/\/www.le-sherpa.com\/nl\/?s={search_term_string}\"},\"query-input\":\"required name=search_term_string\"}],\"inLanguage\":\"nl-NL\"},{\"@type\":\"Organization\",\"@id\":\"https:\/\/www.le-sherpa.com\/nl\/#organization\",\"name\":\"Le Sherpa Les Deux Alpes\",\"url\":\"https:\/\/www.le-sherpa.com\/nl\/\",\"logo\":{\"@type\":\"ImageObject\",\"inLanguage\":\"nl-NL\",\"@id\":\"https:\/\/www.le-sherpa.com\/nl\/#\/schema\/logo\/image\/\",\"url\":\"https:\/\/www.le-sherpa.com\/wp-content\/uploads\/sites\/236\/2025\/04\/Le-Sherpa-l_exterieur-2025.jpg\",\"contentUrl\":\"https:\/\/www.le-sherpa.com\/wp-content\/uploads\/sites\/236\/2025\/04\/Le-Sherpa-l_exterieur-2025.jpg\",\"width\":2200,\"height\":1576,\"caption\":\"Le Sherpa Les Deux Alpes\"},\"image\":{\"@id\":\"https:\/\/www.le-sherpa.com\/nl\/#\/schema\/logo\/image\/\"},\"sameAs\":[\"https:\/\/facebook.com\/Hotel.Le.Sherpa\",\"https:\/\/www.instagram.com\/lesherpa_l2a\"]}]}<\/script>\n<!-- \/ Yoast SEO plugin. -->","yoast_head_json":{"title":"Chambre Triple - Le Sherpa Les Deux Alpes","robots":{"index":"index","follow":"follow","max-snippet":"max-snippet:-1","max-image-preview":"max-image-preview:large","max-video-preview":"max-video-preview:-1"},"canonical":"https:\/\/www.le-sherpa.com\/nl\/chambres\/chambre-triple\/","og_locale":"nl_NL","og_type":"article","og_title":"Chambre Triple - Le Sherpa Les Deux Alpes","og_description":"Adapt\u00e9es pour 3 personnes, ces chambres avec trois lits simples offrent tout le confort n\u00e9cessaire pour un s\u00e9jour agr\u00e9able. Si vous souhaitez que nous pr\u00e9parions deux lits simples en un lit double, merci de bien vouloir nous en informer lors de la r\u00e9servation","og_url":"https:\/\/www.le-sherpa.com\/nl\/chambres\/chambre-triple\/","og_site_name":"Le Sherpa Les Deux Alpes","article_publisher":"https:\/\/facebook.com\/Hotel.Le.Sherpa","twitter_card":"summary_large_image","schema":{"@context":"https:\/\/schema.org","@graph":[{"@type":"WebPage","@id":"https:\/\/www.le-sherpa.com\/nl\/chambres\/chambre-triple\/","url":"https:\/\/www.le-sherpa.com\/nl\/chambres\/chambre-triple\/","name":"Chambre Triple - Le Sherpa Les Deux Alpes","isPartOf":{"@id":"https:\/\/www.le-sherpa.com\/nl\/#website"},"datePublished":"2025-04-10T12:59:26+00:00","dateModified":"2025-04-10T12:59:26+00:00","breadcrumb":{"@id":"https:\/\/www.le-sherpa.com\/nl\/chambres\/chambre-triple\/#breadcrumb"},"inLanguage":"nl-NL","potentialAction":[{"@type":"ReadAction","target":["https:\/\/www.le-sherpa.com\/nl\/chambres\/chambre-triple\/"]}]},{"@type":"BreadcrumbList","@id":"https:\/\/www.le-sherpa.com\/nl\/chambres\/chambre-triple\/#breadcrumb","itemListElement":[{"@type":"ListItem","position":1,"name":"Home","item":"https:\/\/www.le-sherpa.com\/nl\/"},{"@type":"ListItem","position":2,"name":"Kamers","item":"https:\/\/www.le-sherpa.com\/nl\/chambres\/"},{"@type":"ListItem","position":3,"name":"Chambre Triple"}]},{"@type":"WebSite","@id":"https:\/\/www.le-sherpa.com\/nl\/#website","url":"https:\/\/www.le-sherpa.com\/nl\/","name":"Le Sherpa Les Deux Alpes","description":"","publisher":{"@id":"https:\/\/www.le-sherpa.com\/nl\/#organization"},"potentialAction":[{"@type":"SearchAction","target":{"@type":"EntryPoint","urlTemplate":"https:\/\/www.le-sherpa.com\/nl\/?s={search_term_string}"},"query-input":"required name=search_term_string"}],"inLanguage":"nl-NL"},{"@type":"Organization","@id":"https:\/\/www.le-sherpa.com\/nl\/#organization","name":"Le Sherpa Les Deux Alpes","url":"https:\/\/www.le-sherpa.com\/nl\/","logo":{"@type":"ImageObject","inLanguage":"nl-NL","@id":"https:\/\/www.le-sherpa.com\/nl\/#\/schema\/logo\/image\/","url":"https:\/\/www.le-sherpa.com\/wp-content\/uploads\/sites\/236\/2025\/04\/Le-Sherpa-l_exterieur-2025.jpg","contentUrl":"https:\/\/www.le-sherpa.com\/wp-content\/uploads\/sites\/236\/2025\/04\/Le-Sherpa-l_exterieur-2025.jpg","width":2200,"height":1576,"caption":"Le Sherpa Les Deux Alpes"},"image":{"@id":"https:\/\/www.le-sherpa.com\/nl\/#\/schema\/logo\/image\/"},"sameAs":["https:\/\/facebook.com\/Hotel.Le.Sherpa","https:\/\/www.instagram.com\/lesherpa_l2a"]}]}},"acf":[],"_links":{"self":[{"href":"https:\/\/www.le-sherpa.com\/nl\/wp-json\/wp\/v2\/pages\/398"}],"collection":[{"href":"https:\/\/www.le-sherpa.com\/nl\/wp-json\/wp\/v2\/pages"}],"about":[{"href":"https:\/\/www.le-sherpa.com\/nl\/wp-json\/wp\/v2\/types\/page"}],"author":[{"embeddable":true,"href":"https:\/\/www.le-sherpa.com\/nl\/wp-json\/wp\/v2\/users\/208"}],"replies":[{"embeddable":true,"href":"https:\/\/www.le-sherpa.com\/nl\/wp-json\/wp\/v2\/comments?post=398"}],"version-history":[{"count":0,"href":"https:\/\/www.le-sherpa.com\/nl\/wp-json\/wp\/v2\/pages\/398\/revisions"}],"up":[{"embeddable":true,"href":"https:\/\/www.le-sherpa.com\/nl\/wp-json\/wp\/v2\/pages\/394"}],"wp:attachment":[{"href":"https:\/\/www.le-sherpa.com\/nl\/wp-json\/wp\/v2\/media?parent=398"}],"curies":[{"name":"wp","href":"https:\/\/api.w.org\/{rel}","templated":true}]}}