{"id":385,"date":"2025-07-22T09:50:25","date_gmt":"2025-07-22T09:50:25","guid":{"rendered":"https:\/\/www.le-sherpa.com\/hiver\/"},"modified":"2025-11-26T14:53:21","modified_gmt":"2025-11-26T14:53:21","slug":"hiver","status":"publish","type":"page","link":"https:\/\/www.le-sherpa.com\/nl\/activites\/hiver\/","title":{"rendered":"Meer dan alleen ski\u00ebn in de winter"},"content":{"rendered":"<p>Naast ski\u00ebn en snowboarden kunt u ook genieten van &#8220;raquettes&#8221; wandelingen, hondenslee\u00ebn, een ijsgrot, rodelen, e-mountainbiken, paragliden, en het <strong>zwembad<\/strong> en de <strong>ijsbaan<\/strong>, die beide onlangs naast het hotel zijn heropend.<\/p>\n<p>Ontdek het pittoreske dorpje <strong>Venosc<\/strong>, bereikbaar met de kabelbaan achteraan in het dorp.<\/p>\n<p>En vergeet niet de <strong>Avenue de la Muzelle<\/strong>, met zijn winkels, gezellige terrasjes en talrijke evenementen gedurende het hele seizoen.<\/p>\n","protected":false},"excerpt":{"rendered":"<p>Naast ski\u00ebn en snowboarden kunt u ook genieten van &#8220;raquettes&#8221; wandelingen, hondenslee\u00ebn, een ijsgrot, rodelen, e-mountainbiken, paragliden, en het zwembad en de ijsbaan, die beide onlangs naast het hotel zijn heropend. Ontdek het pittoreske dorpje Venosc, bereikbaar met de kabelbaan achteraan in het dorp. En vergeet niet de Avenue de la Muzelle, met zijn winkels, [&hellip;]<\/p>\n","protected":false},"author":208,"featured_media":0,"parent":386,"menu_order":1,"comment_status":"closed","ping_status":"closed","template":"template-default-2.php","meta":{"footnotes":""},"yoast_head":"<!-- This site is optimized with the Yoast SEO plugin v22.3 - https:\/\/yoast.com\/wordpress\/plugins\/seo\/ -->\n<title>Meer dan alleen ski\u00ebn in de winter - Le Sherpa Les Deux Alpes<\/title>\n<meta name=\"robots\" content=\"index, follow, max-snippet:-1, max-image-preview:large, max-video-preview:-1\" \/>\n<link rel=\"canonical\" href=\"https:\/\/www.le-sherpa.com\/nl\/activites\/hiver\/\" \/>\n<meta property=\"og:locale\" content=\"nl_NL\" \/>\n<meta property=\"og:type\" content=\"article\" \/>\n<meta property=\"og:title\" content=\"Meer dan alleen ski\u00ebn in de winter - Le Sherpa Les Deux Alpes\" \/>\n<meta property=\"og:description\" content=\"Naast ski\u00ebn en snowboarden kunt u ook genieten van &#8220;raquettes&#8221; wandelingen, hondenslee\u00ebn, een ijsgrot, rodelen, e-mountainbiken, paragliden, en het zwembad en de ijsbaan, die beide onlangs naast het hotel zijn heropend. Ontdek het pittoreske dorpje Venosc, bereikbaar met de kabelbaan achteraan in het dorp. En vergeet niet de Avenue de la Muzelle, met zijn winkels, [&hellip;]\" \/>\n<meta property=\"og:url\" content=\"https:\/\/www.le-sherpa.com\/nl\/activites\/hiver\/\" \/>\n<meta property=\"og:site_name\" content=\"Le Sherpa Les Deux Alpes\" \/>\n<meta property=\"article:publisher\" content=\"https:\/\/facebook.com\/Hotel.Le.Sherpa\" \/>\n<meta property=\"article:modified_time\" content=\"2025-11-26T14:53:21+00:00\" \/>\n<meta name=\"twitter:card\" content=\"summary_large_image\" \/>\n<meta name=\"twitter:label1\" content=\"Geschatte leestijd\" \/>\n\t<meta name=\"twitter:data1\" content=\"1 minuut\" \/>\n<script type=\"application\/ld+json\" class=\"yoast-schema-graph\">{\"@context\":\"https:\/\/schema.org\",\"@graph\":[{\"@type\":\"WebPage\",\"@id\":\"https:\/\/www.le-sherpa.com\/nl\/activites\/hiver\/\",\"url\":\"https:\/\/www.le-sherpa.com\/nl\/activites\/hiver\/\",\"name\":\"Meer dan alleen ski\u00ebn in de winter - Le Sherpa Les Deux Alpes\",\"isPartOf\":{\"@id\":\"https:\/\/www.le-sherpa.com\/nl\/#website\"},\"datePublished\":\"2025-07-22T09:50:25+00:00\",\"dateModified\":\"2025-11-26T14:53:21+00:00\",\"breadcrumb\":{\"@id\":\"https:\/\/www.le-sherpa.com\/nl\/activites\/hiver\/#breadcrumb\"},\"inLanguage\":\"nl-NL\",\"potentialAction\":[{\"@type\":\"ReadAction\",\"target\":[\"https:\/\/www.le-sherpa.com\/nl\/activites\/hiver\/\"]}]},{\"@type\":\"BreadcrumbList\",\"@id\":\"https:\/\/www.le-sherpa.com\/nl\/activites\/hiver\/#breadcrumb\",\"itemListElement\":[{\"@type\":\"ListItem\",\"position\":1,\"name\":\"Home\",\"item\":\"https:\/\/www.le-sherpa.com\/nl\/\"},{\"@type\":\"ListItem\",\"position\":2,\"name\":\"Activiteiten\",\"item\":\"https:\/\/www.le-sherpa.com\/nl\/activites\/\"},{\"@type\":\"ListItem\",\"position\":3,\"name\":\"Meer dan alleen ski\u00ebn in de winter\"}]},{\"@type\":\"WebSite\",\"@id\":\"https:\/\/www.le-sherpa.com\/nl\/#website\",\"url\":\"https:\/\/www.le-sherpa.com\/nl\/\",\"name\":\"Le Sherpa Les Deux Alpes\",\"description\":\"\",\"publisher\":{\"@id\":\"https:\/\/www.le-sherpa.com\/nl\/#organization\"},\"potentialAction\":[{\"@type\":\"SearchAction\",\"target\":{\"@type\":\"EntryPoint\",\"urlTemplate\":\"https:\/\/www.le-sherpa.com\/nl\/?s={search_term_string}\"},\"query-input\":\"required name=search_term_string\"}],\"inLanguage\":\"nl-NL\"},{\"@type\":\"Organization\",\"@id\":\"https:\/\/www.le-sherpa.com\/nl\/#organization\",\"name\":\"Le Sherpa Les Deux Alpes\",\"url\":\"https:\/\/www.le-sherpa.com\/nl\/\",\"logo\":{\"@type\":\"ImageObject\",\"inLanguage\":\"nl-NL\",\"@id\":\"https:\/\/www.le-sherpa.com\/nl\/#\/schema\/logo\/image\/\",\"url\":\"https:\/\/www.le-sherpa.com\/wp-content\/uploads\/sites\/236\/2025\/04\/Le-Sherpa-l_exterieur-2025.jpg\",\"contentUrl\":\"https:\/\/www.le-sherpa.com\/wp-content\/uploads\/sites\/236\/2025\/04\/Le-Sherpa-l_exterieur-2025.jpg\",\"width\":2200,\"height\":1576,\"caption\":\"Le Sherpa Les Deux Alpes\"},\"image\":{\"@id\":\"https:\/\/www.le-sherpa.com\/nl\/#\/schema\/logo\/image\/\"},\"sameAs\":[\"https:\/\/facebook.com\/Hotel.Le.Sherpa\",\"https:\/\/www.instagram.com\/lesherpa_l2a\"]}]}<\/script>\n<!-- \/ Yoast SEO plugin. -->","yoast_head_json":{"title":"Meer dan alleen ski\u00ebn in de winter - Le Sherpa Les Deux Alpes","robots":{"index":"index","follow":"follow","max-snippet":"max-snippet:-1","max-image-preview":"max-image-preview:large","max-video-preview":"max-video-preview:-1"},"canonical":"https:\/\/www.le-sherpa.com\/nl\/activites\/hiver\/","og_locale":"nl_NL","og_type":"article","og_title":"Meer dan alleen ski\u00ebn in de winter - Le Sherpa Les Deux Alpes","og_description":"Naast ski\u00ebn en snowboarden kunt u ook genieten van &#8220;raquettes&#8221; wandelingen, hondenslee\u00ebn, een ijsgrot, rodelen, e-mountainbiken, paragliden, en het zwembad en de ijsbaan, die beide onlangs naast het hotel zijn heropend. Ontdek het pittoreske dorpje Venosc, bereikbaar met de kabelbaan achteraan in het dorp. En vergeet niet de Avenue de la Muzelle, met zijn winkels, [&hellip;]","og_url":"https:\/\/www.le-sherpa.com\/nl\/activites\/hiver\/","og_site_name":"Le Sherpa Les Deux Alpes","article_publisher":"https:\/\/facebook.com\/Hotel.Le.Sherpa","article_modified_time":"2025-11-26T14:53:21+00:00","twitter_card":"summary_large_image","twitter_misc":{"Geschatte leestijd":"1 minuut"},"schema":{"@context":"https:\/\/schema.org","@graph":[{"@type":"WebPage","@id":"https:\/\/www.le-sherpa.com\/nl\/activites\/hiver\/","url":"https:\/\/www.le-sherpa.com\/nl\/activites\/hiver\/","name":"Meer dan alleen ski\u00ebn in de winter - Le Sherpa Les Deux Alpes","isPartOf":{"@id":"https:\/\/www.le-sherpa.com\/nl\/#website"},"datePublished":"2025-07-22T09:50:25+00:00","dateModified":"2025-11-26T14:53:21+00:00","breadcrumb":{"@id":"https:\/\/www.le-sherpa.com\/nl\/activites\/hiver\/#breadcrumb"},"inLanguage":"nl-NL","potentialAction":[{"@type":"ReadAction","target":["https:\/\/www.le-sherpa.com\/nl\/activites\/hiver\/"]}]},{"@type":"BreadcrumbList","@id":"https:\/\/www.le-sherpa.com\/nl\/activites\/hiver\/#breadcrumb","itemListElement":[{"@type":"ListItem","position":1,"name":"Home","item":"https:\/\/www.le-sherpa.com\/nl\/"},{"@type":"ListItem","position":2,"name":"Activiteiten","item":"https:\/\/www.le-sherpa.com\/nl\/activites\/"},{"@type":"ListItem","position":3,"name":"Meer dan alleen ski\u00ebn in de winter"}]},{"@type":"WebSite","@id":"https:\/\/www.le-sherpa.com\/nl\/#website","url":"https:\/\/www.le-sherpa.com\/nl\/","name":"Le Sherpa Les Deux Alpes","description":"","publisher":{"@id":"https:\/\/www.le-sherpa.com\/nl\/#organization"},"potentialAction":[{"@type":"SearchAction","target":{"@type":"EntryPoint","urlTemplate":"https:\/\/www.le-sherpa.com\/nl\/?s={search_term_string}"},"query-input":"required name=search_term_string"}],"inLanguage":"nl-NL"},{"@type":"Organization","@id":"https:\/\/www.le-sherpa.com\/nl\/#organization","name":"Le Sherpa Les Deux Alpes","url":"https:\/\/www.le-sherpa.com\/nl\/","logo":{"@type":"ImageObject","inLanguage":"nl-NL","@id":"https:\/\/www.le-sherpa.com\/nl\/#\/schema\/logo\/image\/","url":"https:\/\/www.le-sherpa.com\/wp-content\/uploads\/sites\/236\/2025\/04\/Le-Sherpa-l_exterieur-2025.jpg","contentUrl":"https:\/\/www.le-sherpa.com\/wp-content\/uploads\/sites\/236\/2025\/04\/Le-Sherpa-l_exterieur-2025.jpg","width":2200,"height":1576,"caption":"Le Sherpa Les Deux Alpes"},"image":{"@id":"https:\/\/www.le-sherpa.com\/nl\/#\/schema\/logo\/image\/"},"sameAs":["https:\/\/facebook.com\/Hotel.Le.Sherpa","https:\/\/www.instagram.com\/lesherpa_l2a"]}]}},"acf":[],"_links":{"self":[{"href":"https:\/\/www.le-sherpa.com\/nl\/wp-json\/wp\/v2\/pages\/385"}],"collection":[{"href":"https:\/\/www.le-sherpa.com\/nl\/wp-json\/wp\/v2\/pages"}],"about":[{"href":"https:\/\/www.le-sherpa.com\/nl\/wp-json\/wp\/v2\/types\/page"}],"author":[{"embeddable":true,"href":"https:\/\/www.le-sherpa.com\/nl\/wp-json\/wp\/v2\/users\/208"}],"replies":[{"embeddable":true,"href":"https:\/\/www.le-sherpa.com\/nl\/wp-json\/wp\/v2\/comments?post=385"}],"version-history":[{"count":0,"href":"https:\/\/www.le-sherpa.com\/nl\/wp-json\/wp\/v2\/pages\/385\/revisions"}],"up":[{"embeddable":true,"href":"https:\/\/www.le-sherpa.com\/nl\/wp-json\/wp\/v2\/pages\/386"}],"wp:attachment":[{"href":"https:\/\/www.le-sherpa.com\/nl\/wp-json\/wp\/v2\/media?parent=385"}],"curies":[{"name":"wp","href":"https:\/\/api.w.org\/{rel}","templated":true}]}}