{"id":329,"date":"2025-07-22T09:51:56","date_gmt":"2025-07-22T09:51:56","guid":{"rendered":"https:\/\/www.le-sherpa.com\/contact\/"},"modified":"2026-01-07T15:55:06","modified_gmt":"2026-01-07T15:55:06","slug":"contact","status":"publish","type":"page","link":"https:\/\/www.le-sherpa.com\/en\/contact\/","title":{"rendered":"Contact"},"content":{"rendered":"<h2 style=\"text-align: center\">Thank you for leaving us a message, we will answer as soon as possible.<\/h2>\n\n                <div class='gf_browser_gecko gform_wrapper' id='gform_wrapper_1' ><form method='post' enctype='multipart\/form-data'  id='gform_1'  action='\/en\/wp-json\/wp\/v2\/pages\/329'>\n                        <div class='gform_body'><ul id='gform_fields_1' class='gform_fields top_label form_sublabel_below description_below'><li id='field_1_9'  class='gfield gfield_contains_required field_sublabel_below field_description_below gfield_visibility_visible' ><label class='gfield_label' for='input_1_9' >Nom et Pr\u00e9nom<span class='gfield_required'>*<\/span><\/label><div class='ginput_container ginput_container_text'><input name='input_9' id='input_1_9' type='text' value='' class='medium'     aria-required=\"true\" aria-invalid=\"false\" \/><\/div><\/li><li id='field_1_2'  class='gfield field_sublabel_below field_description_below gfield_visibility_visible' ><label class='gfield_label' for='input_1_2' >T\u00e9l\u00e9phone<\/label><div class='ginput_container ginput_container_phone'><input name='input_2' id='input_1_2' type='text' value='' class='medium'    aria-invalid=\"false\"  \/><\/div><\/li><li id='field_1_3'  class='gfield gfield_contains_required field_sublabel_below field_description_below gfield_visibility_visible' ><label class='gfield_label' for='input_1_3' >E-mail<span class='gfield_required'>*<\/span><\/label><div class='ginput_container ginput_container_email'>\n                            <input name='input_3' id='input_1_3' type='text' value='' class='medium'    aria-required=\"true\" aria-invalid=\"false\" \/>\n                        <\/div><\/li><li id='field_1_5'  class='gfield gfield_contains_required field_sublabel_below field_description_below gfield_visibility_visible' ><label class='gfield_label' for='input_1_5' >Message<span class='gfield_required'>*<\/span><\/label><div class='ginput_container ginput_container_textarea'><textarea name='input_5' id='input_1_5' class='textarea medium'     aria-required=\"true\" aria-invalid=\"false\"   rows='10' cols='50'><\/textarea><\/div><\/li><li id='field_1_6'  class='gfield field_sublabel_below field_description_below gfield_visibility_visible' ><label class='gfield_label' for='input_1_6' ><\/label><div id='input_1_6' class='ginput_container ginput_recaptcha' data-sitekey='6Ld1gIsrAAAAALu3k4h4mkgi_Qo83f5NmXmj1Yc5'  data-theme='light' data-tabindex='0'  data-badge=''><\/div><\/li><li id='field_1_8'  class='gfield gfield_contains_required field_sublabel_below field_description_below gfield_visibility_visible' ><label class='gfield_label'  >Politique de confidentialit\u00e9<span class='gfield_required'>*<\/span><\/label><div class='ginput_container ginput_container_checkbox'><ul class='gfield_checkbox' id='input_1_8'><li class='gchoice_1_8_1'>\n\t\t\t\t\t\t\t\t<input name='input_8.1' type='checkbox'  value='En soumettant ce formulaire, j\u2019accepte que les informations saisies soient utilis\u00e9es dans le cadre de ma demande d\u2019informations, afin d\u2019\u00eatre recontact\u00e9(e) par e-mail ou par t\u00e9l\u00e9phone. Pour en savoir plus sur la gestion de vos donn\u00e9es personnelles et pour exercer vos droits (notamment le retrait de votre consentement), veuillez consulter notre politique de confidentialit\u00e9 et nos mentions l\u00e9gales.'  id='choice_1_8_1'   \/>\n\t\t\t\t\t\t\t\t<label for='choice_1_8_1' id='label_1_8_1'>En soumettant ce formulaire, j\u2019accepte que les informations saisies soient utilis\u00e9es dans le cadre de ma demande d\u2019informations, afin d\u2019\u00eatre recontact\u00e9(e) par e-mail ou par t\u00e9l\u00e9phone. Pour en savoir plus sur la gestion de vos donn\u00e9es personnelles et pour exercer vos droits (notamment le retrait de votre consentement), veuillez consulter notre politique de confidentialit\u00e9 et nos mentions l\u00e9gales.<\/label>\n\t\t\t\t\t\t\t<\/li><\/ul><\/div><\/li><li id='field_1_10'  class='gfield gform_validation_container field_sublabel_below field_description_below gfield_visibility_visible' ><label class='gfield_label' for='input_1_10' >Name<\/label><div class='ginput_container'><input name='input_10' id='input_1_10' type='text' value='' \/><\/div><div class='gfield_description' id='gfield_description_1_10'>This field is for validation purposes and should be left unchanged.<\/div><\/li>\n                            <\/ul><\/div>\n        <div class='gform_footer top_label'> <input type='submit' id='gform_submit_button_1' class='gform_button button' value='Envoyer'  onclick='if(window[\"gf_submitting_1\"]){return false;}  window[\"gf_submitting_1\"]=true;  ' onkeypress='if( event.keyCode == 13 ){ if(window[\"gf_submitting_1\"]){return false;} window[\"gf_submitting_1\"]=true;  jQuery(\"#gform_1\").trigger(\"submit\",[true]); }' \/> \n            <input type='hidden' class='gform_hidden' name='is_submit_1' value='1' \/>\n            <input type='hidden' class='gform_hidden' name='gform_submit' value='1' \/>\n            \n            <input type='hidden' class='gform_hidden' name='gform_unique_id' value='' \/>\n            <input type='hidden' class='gform_hidden' name='state_1' value='WyJbXSIsIjY3ZWNjOTcwODMwMzRmMzk1MDc2OTMyMjQyNjMyODIwIl0=' \/>\n            <input type='hidden' class='gform_hidden' name='gform_target_page_number_1' id='gform_target_page_number_1' value='0' \/>\n            <input type='hidden' class='gform_hidden' name='gform_source_page_number_1' id='gform_source_page_number_1' value='1' \/>\n            <input type='hidden' name='gform_field_values' value='' \/>\n            \n        <\/div>\n                        <\/form>\n                        <\/div><script type='text\/javascript'> jQuery(document).bind('gform_post_render', function(event, formId, currentPage){if(formId == 1) {} } );jQuery(document).bind('gform_post_conditional_logic', function(event, formId, fields, isInit){} );<\/script><script type='text\/javascript'> jQuery(document).ready(function(){jQuery(document).trigger('gform_post_render', [1, 1]) } ); <\/script>\n","protected":false},"excerpt":{"rendered":"<p>Thank you for leaving us a message, we will answer as soon as possible.<\/p>\n","protected":false},"author":208,"featured_media":0,"parent":0,"menu_order":9,"comment_status":"closed","ping_status":"closed","template":"template-contacts.php","meta":{"footnotes":""},"yoast_head":"<!-- This site is optimized with the Yoast SEO plugin v22.3 - https:\/\/yoast.com\/wordpress\/plugins\/seo\/ -->\n<title>Contact - Le Sherpa Les Deux Alpes<\/title>\n<meta name=\"robots\" content=\"index, follow, max-snippet:-1, max-image-preview:large, max-video-preview:-1\" \/>\n<link rel=\"canonical\" href=\"https:\/\/www.le-sherpa.com\/en\/contact\/\" \/>\n<meta property=\"og:locale\" content=\"en_US\" \/>\n<meta property=\"og:type\" content=\"article\" \/>\n<meta property=\"og:title\" content=\"Contact - Le Sherpa Les Deux Alpes\" \/>\n<meta property=\"og:description\" content=\"Thank you for leaving us a message, we will answer as soon as possible.\" \/>\n<meta property=\"og:url\" content=\"https:\/\/www.le-sherpa.com\/en\/contact\/\" \/>\n<meta property=\"og:site_name\" content=\"Le Sherpa Les Deux Alpes\" \/>\n<meta property=\"article:publisher\" content=\"https:\/\/facebook.com\/Hotel.Le.Sherpa\" \/>\n<meta property=\"article:modified_time\" content=\"2026-01-07T15:55:06+00:00\" \/>\n<meta name=\"twitter:card\" content=\"summary_large_image\" \/>\n<meta name=\"twitter:label1\" content=\"Est. reading time\" \/>\n\t<meta name=\"twitter:data1\" content=\"1 minute\" \/>\n<script type=\"application\/ld+json\" class=\"yoast-schema-graph\">{\"@context\":\"https:\/\/schema.org\",\"@graph\":[{\"@type\":\"WebPage\",\"@id\":\"https:\/\/www.le-sherpa.com\/en\/contact\/\",\"url\":\"https:\/\/www.le-sherpa.com\/en\/contact\/\",\"name\":\"Contact - Le Sherpa Les Deux Alpes\",\"isPartOf\":{\"@id\":\"https:\/\/www.le-sherpa.com\/en\/#website\"},\"datePublished\":\"2025-07-22T09:51:56+00:00\",\"dateModified\":\"2026-01-07T15:55:06+00:00\",\"breadcrumb\":{\"@id\":\"https:\/\/www.le-sherpa.com\/en\/contact\/#breadcrumb\"},\"inLanguage\":\"en-US\",\"potentialAction\":[{\"@type\":\"ReadAction\",\"target\":[\"https:\/\/www.le-sherpa.com\/en\/contact\/\"]}]},{\"@type\":\"BreadcrumbList\",\"@id\":\"https:\/\/www.le-sherpa.com\/en\/contact\/#breadcrumb\",\"itemListElement\":[{\"@type\":\"ListItem\",\"position\":1,\"name\":\"Home\",\"item\":\"https:\/\/www.le-sherpa.com\/en\/\"},{\"@type\":\"ListItem\",\"position\":2,\"name\":\"Contact\"}]},{\"@type\":\"WebSite\",\"@id\":\"https:\/\/www.le-sherpa.com\/en\/#website\",\"url\":\"https:\/\/www.le-sherpa.com\/en\/\",\"name\":\"Le Sherpa Les Deux Alpes\",\"description\":\"\",\"publisher\":{\"@id\":\"https:\/\/www.le-sherpa.com\/en\/#organization\"},\"potentialAction\":[{\"@type\":\"SearchAction\",\"target\":{\"@type\":\"EntryPoint\",\"urlTemplate\":\"https:\/\/www.le-sherpa.com\/en\/?s={search_term_string}\"},\"query-input\":\"required name=search_term_string\"}],\"inLanguage\":\"en-US\"},{\"@type\":\"Organization\",\"@id\":\"https:\/\/www.le-sherpa.com\/en\/#organization\",\"name\":\"Le Sherpa Les Deux Alpes\",\"url\":\"https:\/\/www.le-sherpa.com\/en\/\",\"logo\":{\"@type\":\"ImageObject\",\"inLanguage\":\"en-US\",\"@id\":\"https:\/\/www.le-sherpa.com\/en\/#\/schema\/logo\/image\/\",\"url\":\"https:\/\/www.le-sherpa.com\/wp-content\/uploads\/sites\/236\/2025\/04\/Le-Sherpa-l_exterieur-2025.jpg\",\"contentUrl\":\"https:\/\/www.le-sherpa.com\/wp-content\/uploads\/sites\/236\/2025\/04\/Le-Sherpa-l_exterieur-2025.jpg\",\"width\":2200,\"height\":1576,\"caption\":\"Le Sherpa Les Deux Alpes\"},\"image\":{\"@id\":\"https:\/\/www.le-sherpa.com\/en\/#\/schema\/logo\/image\/\"},\"sameAs\":[\"https:\/\/facebook.com\/Hotel.Le.Sherpa\",\"https:\/\/www.instagram.com\/lesherpa_l2a\"]}]}<\/script>\n<!-- \/ Yoast SEO plugin. -->","yoast_head_json":{"title":"Contact - Le Sherpa Les Deux Alpes","robots":{"index":"index","follow":"follow","max-snippet":"max-snippet:-1","max-image-preview":"max-image-preview:large","max-video-preview":"max-video-preview:-1"},"canonical":"https:\/\/www.le-sherpa.com\/en\/contact\/","og_locale":"en_US","og_type":"article","og_title":"Contact - Le Sherpa Les Deux Alpes","og_description":"Thank you for leaving us a message, we will answer as soon as possible.","og_url":"https:\/\/www.le-sherpa.com\/en\/contact\/","og_site_name":"Le Sherpa Les Deux Alpes","article_publisher":"https:\/\/facebook.com\/Hotel.Le.Sherpa","article_modified_time":"2026-01-07T15:55:06+00:00","twitter_card":"summary_large_image","twitter_misc":{"Est. reading time":"1 minute"},"schema":{"@context":"https:\/\/schema.org","@graph":[{"@type":"WebPage","@id":"https:\/\/www.le-sherpa.com\/en\/contact\/","url":"https:\/\/www.le-sherpa.com\/en\/contact\/","name":"Contact - Le Sherpa Les Deux Alpes","isPartOf":{"@id":"https:\/\/www.le-sherpa.com\/en\/#website"},"datePublished":"2025-07-22T09:51:56+00:00","dateModified":"2026-01-07T15:55:06+00:00","breadcrumb":{"@id":"https:\/\/www.le-sherpa.com\/en\/contact\/#breadcrumb"},"inLanguage":"en-US","potentialAction":[{"@type":"ReadAction","target":["https:\/\/www.le-sherpa.com\/en\/contact\/"]}]},{"@type":"BreadcrumbList","@id":"https:\/\/www.le-sherpa.com\/en\/contact\/#breadcrumb","itemListElement":[{"@type":"ListItem","position":1,"name":"Home","item":"https:\/\/www.le-sherpa.com\/en\/"},{"@type":"ListItem","position":2,"name":"Contact"}]},{"@type":"WebSite","@id":"https:\/\/www.le-sherpa.com\/en\/#website","url":"https:\/\/www.le-sherpa.com\/en\/","name":"Le Sherpa Les Deux Alpes","description":"","publisher":{"@id":"https:\/\/www.le-sherpa.com\/en\/#organization"},"potentialAction":[{"@type":"SearchAction","target":{"@type":"EntryPoint","urlTemplate":"https:\/\/www.le-sherpa.com\/en\/?s={search_term_string}"},"query-input":"required name=search_term_string"}],"inLanguage":"en-US"},{"@type":"Organization","@id":"https:\/\/www.le-sherpa.com\/en\/#organization","name":"Le Sherpa Les Deux Alpes","url":"https:\/\/www.le-sherpa.com\/en\/","logo":{"@type":"ImageObject","inLanguage":"en-US","@id":"https:\/\/www.le-sherpa.com\/en\/#\/schema\/logo\/image\/","url":"https:\/\/www.le-sherpa.com\/wp-content\/uploads\/sites\/236\/2025\/04\/Le-Sherpa-l_exterieur-2025.jpg","contentUrl":"https:\/\/www.le-sherpa.com\/wp-content\/uploads\/sites\/236\/2025\/04\/Le-Sherpa-l_exterieur-2025.jpg","width":2200,"height":1576,"caption":"Le Sherpa Les Deux Alpes"},"image":{"@id":"https:\/\/www.le-sherpa.com\/en\/#\/schema\/logo\/image\/"},"sameAs":["https:\/\/facebook.com\/Hotel.Le.Sherpa","https:\/\/www.instagram.com\/lesherpa_l2a"]}]}},"acf":[],"_links":{"self":[{"href":"https:\/\/www.le-sherpa.com\/en\/wp-json\/wp\/v2\/pages\/329"}],"collection":[{"href":"https:\/\/www.le-sherpa.com\/en\/wp-json\/wp\/v2\/pages"}],"about":[{"href":"https:\/\/www.le-sherpa.com\/en\/wp-json\/wp\/v2\/types\/page"}],"author":[{"embeddable":true,"href":"https:\/\/www.le-sherpa.com\/en\/wp-json\/wp\/v2\/users\/208"}],"replies":[{"embeddable":true,"href":"https:\/\/www.le-sherpa.com\/en\/wp-json\/wp\/v2\/comments?post=329"}],"version-history":[{"count":0,"href":"https:\/\/www.le-sherpa.com\/en\/wp-json\/wp\/v2\/pages\/329\/revisions"}],"wp:attachment":[{"href":"https:\/\/www.le-sherpa.com\/en\/wp-json\/wp\/v2\/media?parent=329"}],"curies":[{"name":"wp","href":"https:\/\/api.w.org\/{rel}","templated":true}]}}